{"id":47,"date":"2024-10-08T22:00:23","date_gmt":"2024-10-08T20:00:23","guid":{"rendered":"https:\/\/mediaforum.exot.hu\/?page_id=47"},"modified":"2025-10-06T13:19:06","modified_gmt":"2025-10-06T11:19:06","slug":"impresszum","status":"publish","type":"page","link":"https:\/\/mediaforum.hu\/en\/rolunk\/impresszum\/","title":{"rendered":"Our Team"},"content":{"rendered":"<p><strong>Members of the Board:<\/strong><\/p>\n<p>\u00c9va Bogn\u00e1r (president)<\/p>\n<p>Tam\u00e1s Bodoky<\/p>\n<p>G\u00e1bor Kardos<\/p>\n<p>P\u00e9ter N\u00e1dori<\/p>\n<p>Gy\u00f6ngyi Rozn\u00e1r<\/p>\n<p>&nbsp;<\/p>\n<p>&nbsp;<\/p>","protected":false},"excerpt":{"rendered":"<p>Members of the Board: \u00c9va Bogn\u00e1r (president) Tam\u00e1s Bodoky G\u00e1bor Kardos P\u00e9ter N\u00e1dori Gy\u00f6ngyi Rozn\u00e1r &nbsp; &nbsp;<\/p>\n","protected":false},"author":1,"featured_media":0,"parent":44,"menu_order":0,"comment_status":"closed","ping_status":"closed","template":"","meta":{"footnotes":""},"class_list":["post-47","page","type-page","status-publish","hentry"],"_links":{"self":[{"href":"https:\/\/mediaforum.hu\/en\/wp-json\/wp\/v2\/pages\/47","targetHints":{"allow":["GET"]}}],"collection":[{"href":"https:\/\/mediaforum.hu\/en\/wp-json\/wp\/v2\/pages"}],"about":[{"href":"https:\/\/mediaforum.hu\/en\/wp-json\/wp\/v2\/types\/page"}],"author":[{"embeddable":true,"href":"https:\/\/mediaforum.hu\/en\/wp-json\/wp\/v2\/users\/1"}],"replies":[{"embeddable":true,"href":"https:\/\/mediaforum.hu\/en\/wp-json\/wp\/v2\/comments?post=47"}],"version-history":[{"count":14,"href":"https:\/\/mediaforum.hu\/en\/wp-json\/wp\/v2\/pages\/47\/revisions"}],"predecessor-version":[{"id":441,"href":"https:\/\/mediaforum.hu\/en\/wp-json\/wp\/v2\/pages\/47\/revisions\/441"}],"up":[{"embeddable":true,"href":"https:\/\/mediaforum.hu\/en\/wp-json\/wp\/v2\/pages\/44"}],"wp:attachment":[{"href":"https:\/\/mediaforum.hu\/en\/wp-json\/wp\/v2\/media?parent=47"}],"curies":[{"name":"wp","href":"https:\/\/api.w.org\/{rel}","templated":true}]}}